{"id":1383,"date":"2021-03-10T10:31:57","date_gmt":"2021-03-10T09:31:57","guid":{"rendered":"https:\/\/wirtualnemuzeum.skgd.pl\/rodo\/"},"modified":"2021-03-30T19:04:58","modified_gmt":"2021-03-30T17:04:58","slug":"rodo","status":"publish","type":"page","link":"https:\/\/wirtualnemuzeum.skgd.pl\/de\/rodo\/","title":{"rendered":"DSGVO"},"content":{"rendered":"\n<p><strong><strong><strong>Datenschutz \u2013 Informationsklausel f\u00fcr diejenigen, die Materialien zur Ver\u00f6ffentlichung einsenden<\/strong><\/strong><\/strong><\/p>\n\n\n\n<p>Gem\u00e4\u00df Artikel 13 der Verordnung 2016\/679 des Europ\u00e4ischen Parlaments und des Rates vom 27. April 2016 zum Schutz nat\u00fcrlicher Personen bei der Verarbeitung personenbezogener Daten, zum freien Datenverkehr und zur Aufhebung der Richtlinie 95\/46\/EG (Datenschutz-Grundverordnung, nachfolgend \u201eDSGVO\u201c) teilt die Sozial-Kulturelle Gesellschaft der Deutschen im Oppelner Schlesien Folgendes mit:<\/p>\n\n\n\n<p>1.&nbsp;<strong>Verwalter<\/strong>&nbsp;Ihrer personenbezogenen Daten ist die Sozial-Kulturelle Gesellschaft der Deutschen im Oppelner Schlesien (Towarzystwo Spo\u0142eczno-Kulturalne Niemc\u00f3w na \u015al\u0105sku Opolskim, ul. M. Konopnickiej 6, PL 45-004 Opole).<\/p>\n\n\n\n<p><\/p>\n\n\n\n<p>2.&nbsp;<strong>Der Verwalter ernannte den Datenschutzinspekteur<\/strong>, die Kontaktaufnahme mit dem Inspekteur ist per E-Mail: <a href=\"mailto:iodo@skgd.pl\">iodo@skgd.pl<\/a> oder telefonisch unter +48 77 40 21070 m\u00f6glich.<\/p>\n\n\n\n<p><\/p>\n\n\n\n<p>3. Ihre personenbezogenen Daten, die im Zusammenhang mit der Einreichung von Materialien zur Verf\u00fcgung gestellt werden, werden im Zusammenhang mit der Annahme des Reglements auf der Grundlage von Art. &nbsp;Abs.1.lit. b DSGVO, d.h. zur Ver\u00f6ffentlichung von Materialien in \u00dcbereinstimmung mit den Regelungen sowie zur Benennung ihrer Urheberschaft verarbeitet.<\/p>\n\n\n\n<p><\/p>\n\n\n\n<p>4. Die Angabe Ihrer personenbezogenen Daten ist freiwillig.<\/p>\n\n\n\n<p><\/p>\n\n\n\n<p>5. Personenbezogene Daten der Absender werden in dem von diesen angegebenen Umfang und zum Zwecke der Beachtung des Urheberrechts am Ort der Ver\u00f6ffentlichung der Materialien \u2013 d.h. auf der Website <strong>wirtualnemuzeum.skgd.pl<\/strong> \u2013 ver\u00f6ffentlicht. Daher werden diese Daten einer unbegrenzten Anzahl von Personen zur Verf\u00fcgung stehen. Sollten die Informationen \u00fcber die Urheberschaft der Materialien nicht weitergegeben werden, teilen Sie dies bitte bei der \u00dcbersendung der Materialien mit oder informieren Sie die SKGD \u00fcber Ihren Wunsch zur Entfernung von Informationen \u00fcber die Urheberschaft, falls Sie dies bei der \u00dcbersendung der Materialien nicht gemacht haben.<\/p>\n\n\n\n<p><\/p>\n\n\n\n<p>6. Ihre personenbezogenen Daten werden nicht in Drittl\u00e4nder (au\u00dferhalb des Europ\u00e4ischen Wirtschaftsraums) oder an internationale Organisationen \u00fcbermittelt.<\/p>\n\n\n\n<p><\/p>\n\n\n\n<p>7. Personenbezogene Daten der Person, die das Material sendet, werden so lange verarbeitet, wie es zur Wahrung der Urheberpers\u00f6nlichkeitsrechte erforderlich ist, oder bis zur Aufforderung, die Verarbeitung einzustellen.<\/p>\n\n\n\n<p><\/p>\n\n\n\n<p>8. Sie haben das <strong>Recht<\/strong>, Informationen \u00fcber die Verarbeitung Ihrer personenbezogenen Daten und Ihre Rechte gem\u00e4\u00df der DSGVO zu erhalten, auf Ihre Daten zuzugreifen und diese zu berichtigen, sowie das Recht, Ihre personenbezogenen Daten aus den Dateien des Verwalters zu l\u00f6schen (es sei denn, die weitere Verarbeitung ist zur Erf\u00fcllung einer gesetzlichen Verpflichtung oder zur Feststellung, Geltendmachung oder Verteidigung von Anspr\u00fcchen erforderlich), sowie das Recht auf Einschr\u00e4nkung der Verarbeitung, Daten\u00fcbertragung, Widerspruch gegen die Verarbeitung \u2013 in den F\u00e4llen und unter den Bedingungen, die in der DSGVO definiert sind.<\/p>\n\n\n\n<p><\/p>\n\n\n\n<p>9. Ihre personenbezogenen Daten werden nicht Gegenstand einer automatisierten Entscheidungsfindung oder Datenprofilerstellung sein. 10. Es steht Ihnen das Recht auf Beschwerde beim Pr\u00e4sidenten des Amtes f\u00fcr den Schutz personenbezogener Daten zu, falls Sie feststellen, dass die Verarbeitung Ihrer personenbezogenen Daten gegen die Bestimmungen der DSGVO versto\u00dfen.<\/p>\n","protected":false},"excerpt":{"rendered":"<p>Datenschutz \u2013 Informationsklausel f\u00fcr diejenigen, die Materialien zur Ver\u00f6ffentlichung einsenden Gem\u00e4\u00df Artikel 13 der Verordnung 2016\/679 des Europ\u00e4ischen Parlaments und des Rates vom 27. April 2016 zum Schutz nat\u00fcrlicher Personen bei der Verarbeitung personenbezogener Daten, zum freien Datenverkehr und zur Aufhebung der Richtlinie 95\/46\/EG (Datenschutz-Grundverordnung, nachfolgend \u201eDSGVO\u201c) teilt die Sozial-Kulturelle Gesellschaft der Deutschen im Oppelner [&hellip;]<\/p>\n","protected":false},"author":1,"featured_media":0,"parent":0,"menu_order":0,"comment_status":"closed","ping_status":"closed","template":"","meta":{"footnotes":""},"class_list":["post-1383","page","type-page","status-publish","hentry"],"_links":{"self":[{"href":"https:\/\/wirtualnemuzeum.skgd.pl\/de\/wp-json\/wp\/v2\/pages\/1383","targetHints":{"allow":["GET"]}}],"collection":[{"href":"https:\/\/wirtualnemuzeum.skgd.pl\/de\/wp-json\/wp\/v2\/pages"}],"about":[{"href":"https:\/\/wirtualnemuzeum.skgd.pl\/de\/wp-json\/wp\/v2\/types\/page"}],"author":[{"embeddable":true,"href":"https:\/\/wirtualnemuzeum.skgd.pl\/de\/wp-json\/wp\/v2\/users\/1"}],"replies":[{"embeddable":true,"href":"https:\/\/wirtualnemuzeum.skgd.pl\/de\/wp-json\/wp\/v2\/comments?post=1383"}],"version-history":[{"count":3,"href":"https:\/\/wirtualnemuzeum.skgd.pl\/de\/wp-json\/wp\/v2\/pages\/1383\/revisions"}],"predecessor-version":[{"id":1601,"href":"https:\/\/wirtualnemuzeum.skgd.pl\/de\/wp-json\/wp\/v2\/pages\/1383\/revisions\/1601"}],"wp:attachment":[{"href":"https:\/\/wirtualnemuzeum.skgd.pl\/de\/wp-json\/wp\/v2\/media?parent=1383"}],"curies":[{"name":"wp","href":"https:\/\/api.w.org\/{rel}","templated":true}]}}