{"id":1360,"date":"2021-03-10T10:33:09","date_gmt":"2021-03-10T09:33:09","guid":{"rendered":"https:\/\/wirtualnemuzeum.skgd.pl\/regulamin\/"},"modified":"2021-03-30T19:02:34","modified_gmt":"2021-03-30T17:02:34","slug":"regulamin","status":"publish","type":"page","link":"https:\/\/wirtualnemuzeum.skgd.pl\/de\/regulamin\/","title":{"rendered":"BEDINGUNGEN"},"content":{"rendered":"\n<p><strong><strong>Bedingungen f\u00fcr die Ver\u00f6ffentlichung der Bilder im Rahmen der Projektes Virtuelles Museum der deutschen Minderheit<\/strong><\/strong><\/p>\n\n\n\n<p><\/p>\n\n\n\n<p>1. Diese Bedingungen bestimmen die Rechte und Pflichten der Personen, die Bilder (nachfolgend \u201eMaterialien\u201c) zur Ver\u00f6ffentlichung auf der Website <strong>wirtualnemuzeum.skgd.pl<\/strong> (nachfolgend \u201eWebsite\u201c) im Rahmen des Projekts \u201eVirtuelles Museum der deutschen Minderheit\u201c (nachfolgend \u201eProjekt\u201c), das von der Sozial-Kulturellen Gesellschaft der Deutschen im Oppelner (nachfolgend \u201eSKGD\u201c) realisiert wird, einreichen, unabh\u00e4ngig von der Art der Einreichung der Materialien, einschlie\u00dflich derjenigen, die die Materialien in privaten Nachrichten \u00fcber soziale Kommunikationsmittel (nachfolgend \u201eAbsender\u201c) senden.<\/p>\n\n\n\n<p><\/p>\n\n\n\n<p>2. SKGD akzeptiert die kostenlose und unentgeltliche Ver\u00f6ffentlichung auf der Website durch die Absender von Materialien, die die folgenden Anforderungen erf\u00fcllen:<\/p>\n\n\n\n<p>a) sie stellen keine Inhalte dar, die:<\/p>\n\n\n\n<ul class=\"wp-block-list\"><li>rechtswidrig sind,<\/li><li>allgemein als vulg\u00e4r oder beleidigend gelten,<\/li><li>Pornografie, Erotik oder \u00e4hnliche Szenen enthalten,<\/li><li>die Gef\u00fchle Anderer, einschlie\u00dflich religi\u00f6ser Gef\u00fchle, verletzen,<\/li><li>die Gewalt darstellen,<\/li><li>rassistisch, fremdenfeindlich sind,<\/li><li>Ideologien verbreiten, die durch allgemein g\u00fcltige Gesetze verboten sind,<\/li><li>das Recht auf Privatsph\u00e4re verletzen;<\/li><\/ul>\n\n\n\n<p>b) keine Materialien enthalten, die durch die Rechte anderer Personen gesch\u00fctzt sind \u2013 vorbehaltlich des Falles, wenn die Person, die die Materialien sendet, die Zustimmung dieser berechtigten Personen hat.<\/p>\n\n\n\n<p><\/p>\n\n\n\n<p>3. Bei der \u00dcbersendung der Materialien gibt die Person, die die Materialien sendet, Folgendes an:<\/p>\n\n\n\n<p>&nbsp;a) eigene personenbezogene Daten \u2013 Vor- und Nachname,<\/p>\n\n\n\n<p>&nbsp;b) den Autor der Materialien, wenn es sich um eine andere Person als die sendende Person handelt,<\/p>\n\n\n\n<p>\u00a0c) die Art und Weise der Beschreibung des Autors des Materials\/der sendenden Person bei der Ver\u00f6ffentlichung des Materials.<\/p>\n\n\n\n<p><\/p>\n\n\n\n<p>4. Personen, die Materialien einsenden und dabei ihre Absicht erkl\u00e4ren, diese zu ver\u00f6ffentlichen, erkl\u00e4ren gleichzeitig, dass:<\/p>\n\n\n\n<p>(a) sie die Urheberrechte an den Materialien haben und berechtigt sind, \u00fcber die Nutzung der Materialien zu entscheiden, oder in angemessener Weise die Zustimmung der Personen, die die Rechte an den Materialien besitzen, zu deren Nutzung in \u00dcbereinstimmung mit diesen Regeln eingeholt haben;<\/p>\n\n\n\n<p>(b) die Nutzung der Materialien durch die SKGD durch die Ver\u00f6ffentlichung im Rahmen dieser Bestimmungen das Urheberrecht des Autors der Materialien nicht verletzt;<\/p>\n\n\n\n<p>(c) die Materialien, ihre \u00dcbermittlung an die SKGD und ihre anschlie\u00dfende Nutzung f\u00fcr das Projekt gem\u00e4\u00df diesen Bedingungen die Rechte Dritter nicht verletzen;<\/p>\n\n\n\n<p>(d) die Materialien keine Pers\u00f6nlichkeitsrechte von Dritten verletzen,<\/p>\n\n\n\n<p>(e) sie \u00fcber die erforderlichen, gesetzlich vorgeschriebenen Genehmigungen zur Nutzung der in den Materialien enthaltenen gesch\u00fctzten Elemente verf\u00fcgen, insbesondere \u00fcber die Genehmigung zur Nutzung des Bildes der auf den Fotos abgebildeten Personen, die Genehmigung zur Nutzung der in den Materialien verwendeten Marken und die entsprechenden Genehmigungen zur Nutzung der urheberrechtlich gesch\u00fctzten Elemente.<\/p>\n\n\n\n<p><\/p>\n\n\n\n<p>5. Die Absender haften f\u00fcr Anspr\u00fcche Dritter wegen Verletzung von Urheberrechten, Pers\u00f6nlichkeitsrechten, Publizit\u00e4tsrechten und sonstigen Rechten zur Nutzung rechtlich gesch\u00fctzter Elemente in Materialien. F\u00fcr den Fall, dass Dritte Anspr\u00fcche im Sinne des vorstehenden Satzes geltend machen, stellt der Absender die SKGD von allen Anspr\u00fcchen dieser Personen frei.<\/p>\n\n\n\n<p><\/p>\n\n\n\n<p>6. Die SKGD ist nicht verpflichtet, eingesandte Materialien zu ver\u00f6ffentlichen, und den Personen, die die Materialien einsenden, stehen hieraus keine Anspr\u00fcche gegen\u00fcber der SKGD, insbesondere nicht auf die Ver\u00f6ffentlichung der Materialien oder auf Verg\u00fctung, zu.<\/p>\n\n\n\n<p><\/p>\n\n\n\n<p>7. Die SKGD beh\u00e4lt sich das Recht vor, Materialien zu moderieren, d.h. nicht zu ver\u00f6ffentlichen oder bereits ver\u00f6ffentlichte Materialien zu entfernen, wenn sie nicht zum Thema des Projekts passen, von schlechter Qualit\u00e4t sind oder den Anforderungen, einschlie\u00dflich der technischen Anforderungen, nicht entsprechen, insbesondere Materialien, die:<\/p>\n\n\n\n<p>(a) unsigniert oder mit schwer identifizierbarem Absender sind;<\/p>\n\n\n\n<p>(b) mit unvollst\u00e4ndigem Inhalt;<\/p>\n\n\n\n<p>(c) in einem Format geliefert werden, das es unm\u00f6glich macht, sie zu lesen oder zu ver\u00f6ffentlichen;<\/p>\n\n\n\n<p>(d) die den in diesen Bedingungen festgelegten Anforderungen nicht entsprechen.<\/p>\n\n\n\n<p><\/p>\n\n\n\n<p>8. Bei Ver\u00f6ffentlichung der Materialien auf der Website ist die SKGD berechtigt, sie in folgenden Nutzungsbereichen zu verwenden:<\/p>\n\n\n\n<p>(a) die Materialien aufzuzeichnen und zu vervielf\u00e4ltigen \u2013 Kopien unter Verwendung aller verf\u00fcgbaren Techniken zu erstellen, einschlie\u00dflich Druck, Reprografie, magnetischer Aufzeichnung und digitaler Techniken (u.a. DVD, magneto-optische Medien);<\/p>\n\n\n\n<p>(b) im Rahmen der Verbreitung der Materialien \u2013 Ausstellung, Vorf\u00fchrung, Vervielf\u00e4ltigung, Ausstrahlung und Wiederausstrahlung sowie Bereitstellung der Materialien f\u00fcr die \u00d6ffentlichkeit in einer Art und Weise, dass jeder an einem selbst gew\u00e4hlten Ort und zu einem selbst gew\u00e4hlten Zeitpunkt Zugang darauf haben kann, unter Verwendung aller verf\u00fcgbaren Techniken, einschlie\u00dflich der Nutzung des Internets, des Intranets und anderer Computernetze, Platzierung und Modifizierung der Materialien auf den Internet-Seiten, Ausstrahlung der Materialien unter Verwendung von Multimedia- und Teleinformatik-Netzen, Modifizierung der Materialien, die die Erstellung einer Navigation auf den Internet-Seiten erm\u00f6glicht, Bereitstellung der Materialien f\u00fcr die \u00d6ffentlichkeit auf offenen Ausstellungen oder Expositionen;<\/p>\n\n\n\n<p>(c) Erstellung und Verbreitung von Bearbeitungen der Materialien, einschlie\u00dflich weiterer Projekte\/Materialien, die auf den Materialien oder ihren einzelnen Elementen basieren, einschlie\u00dflich der Entwicklung abweichender grafischer und farblicher Versionen bzw. visueller oder r\u00e4umlicher Formate und Nutzung der so erstellten Bearbeitungen im Rahmen und in allen Nutzungsbereichen gem\u00e4\u00df diesem Absatz;<\/p>\n\n\n\n<p>(d) Wiederausstrahlung, Verbreitung in der Presse, im Internet, auf gro\u00dfformatigen Plakaten und in allen anderen Formen von Promotion oder Werbung;<\/p>\n\n\n\n<p>(e) das Recht, die Materialien oder ihre Teile zu \u00e4ndern, einschlie\u00dflich u.a. des Rechts, die gesamten Materialien oder ihre einzelnen Elemente zu korrigieren, zu \u00e4ndern und zu ver\u00e4ndern;<\/p>\n\n\n\n<p>(f) das Recht, die Materialien und ihre einzelnen Elemente frei zu nutzen und zu verwenden, einschlie\u00dflich der Nutzung der Materialien und ihrer einzelnen Elemente zu Werbe- und Promotionszwecken oder f\u00fcr die satzungsgem\u00e4\u00dfe T\u00e4tigkeit der SKGD in Polen und im Ausland;<\/p>\n\n\n\n<p>(g) das Recht, die Materialien in allen SKGD-Werbematerialien \u2013 sowohl in digitaler als auch in Papierform \u2013 zu verwenden.<\/p>\n\n\n\n<p><\/p>\n\n\n\n<p>9. SKGD beh\u00e4lt sich das Recht vor, die Beschreibungen zu den eingereichten Bild- und Tonmaterialien zu ver\u00e4ndern, um sie an die angenommene Kommunikationsstrategie anzupassen.<\/p>\n\n\n\n<p><\/p>\n\n\n\n<p>10. Zur Ver\u00f6ffentlichung sind Materialien an <strong>wirtualnemuzeum.skgd.pl<\/strong> zu senden.<\/p>\n","protected":false},"excerpt":{"rendered":"<p>Bedingungen f\u00fcr die Ver\u00f6ffentlichung der Bilder im Rahmen der Projektes Virtuelles Museum der deutschen Minderheit 1. Diese Bedingungen bestimmen die Rechte und Pflichten der Personen, die Bilder (nachfolgend \u201eMaterialien\u201c) zur Ver\u00f6ffentlichung auf der Website wirtualnemuzeum.skgd.pl (nachfolgend \u201eWebsite\u201c) im Rahmen des Projekts \u201eVirtuelles Museum der deutschen Minderheit\u201c (nachfolgend \u201eProjekt\u201c), das von der Sozial-Kulturellen Gesellschaft der Deutschen [&hellip;]<\/p>\n","protected":false},"author":1,"featured_media":0,"parent":0,"menu_order":0,"comment_status":"closed","ping_status":"closed","template":"","meta":{"footnotes":""},"class_list":["post-1360","page","type-page","status-publish","hentry"],"_links":{"self":[{"href":"https:\/\/wirtualnemuzeum.skgd.pl\/de\/wp-json\/wp\/v2\/pages\/1360","targetHints":{"allow":["GET"]}}],"collection":[{"href":"https:\/\/wirtualnemuzeum.skgd.pl\/de\/wp-json\/wp\/v2\/pages"}],"about":[{"href":"https:\/\/wirtualnemuzeum.skgd.pl\/de\/wp-json\/wp\/v2\/types\/page"}],"author":[{"embeddable":true,"href":"https:\/\/wirtualnemuzeum.skgd.pl\/de\/wp-json\/wp\/v2\/users\/1"}],"replies":[{"embeddable":true,"href":"https:\/\/wirtualnemuzeum.skgd.pl\/de\/wp-json\/wp\/v2\/comments?post=1360"}],"version-history":[{"count":12,"href":"https:\/\/wirtualnemuzeum.skgd.pl\/de\/wp-json\/wp\/v2\/pages\/1360\/revisions"}],"predecessor-version":[{"id":1598,"href":"https:\/\/wirtualnemuzeum.skgd.pl\/de\/wp-json\/wp\/v2\/pages\/1360\/revisions\/1598"}],"wp:attachment":[{"href":"https:\/\/wirtualnemuzeum.skgd.pl\/de\/wp-json\/wp\/v2\/media?parent=1360"}],"curies":[{"name":"wp","href":"https:\/\/api.w.org\/{rel}","templated":true}]}}