{"id":1009,"date":"2021-03-12T14:24:17","date_gmt":"2021-03-12T13:24:17","guid":{"rendered":"https:\/\/wirtualnemuzeum.skgd.pl\/dodaj-zdjecie\/"},"modified":"2021-03-27T11:23:47","modified_gmt":"2021-03-27T10:23:47","slug":"bild-einfugen","status":"publish","type":"page","link":"https:\/\/wirtualnemuzeum.skgd.pl\/de\/bild-einfugen\/","title":{"rendered":"Bild einf\u00fcgen"},"content":{"rendered":"<br \/>\n<b>Warning<\/b>:  foreach() argument must be of type array|object, string given in <b>\/home\/klient.dhosting.pl\/martini007\/wirtualnemuzeum.skgd.pl\/wp-content\/plugins\/gravityforms\/common.php<\/b> on line <b>4520<\/b><br \/>\n\n                <div class='gf_browser_gecko gform_wrapper' id='gform_wrapper_2' ><form method='post' enctype='multipart\/form-data'  id='gform_2'  action='\/de\/wp-json\/wp\/v2\/pages\/1009'>\n                        <div class='gform_body'><ul id='gform_fields_2' class='gform_fields top_label form_sublabel_below description_below'><li id='field_2_49'  class='gfield gfield_html gfield_html_formatted gfield_no_follows_desc field_sublabel_below field_description_below gfield_visibility_visible' ><p>Pami\u0119taj o polskiej i niemieckiej wersji! <\/p>\n<br>\n\n<p>W kroku pierwszym dodaj polsk\u0105 wersj\u0119 <img decoding=\"async\" style=\"display: inline; padding: 0px 3px;\" src=\"https:\/\/wirtualnemuzeum.skgd.pl\/wp-content\/plugins\/sitepress-multilingual-cms\/res\/flags\/pl.png\">\nnatomiast w kroku drugim niemieck\u0105 <img decoding=\"async\" style=\"display: inline; padding: 0px 3px;\" src=\"https:\/\/wirtualnemuzeum.skgd.pl\/wp-content\/plugins\/sitepress-multilingual-cms\/res\/flags\/de.png\"><\/p><\/li><li id='field_2_1'  class='gfield gfield_contains_required field_sublabel_below field_description_below gfield_visibility_visible' ><label class='gfield_label' for='input_2_1' >Tytu\u0142 zdj\u0119cia<span class='gfield_required'>*<\/span><\/label><div class='ginput_container ginput_container_post_title'>\n\t\t\t\t\t<input name='input_1' id='input_2_1' type='text' value='' class='medium'   aria-required=\"true\" aria-invalid=\"false\"  \/>\n\t\t\t\t<\/div><\/li><li id='field_2_46'  class='gfield field_sublabel_below field_description_below gfield_visibility_hidden' ><label class='gfield_label' for='input_2_46' >Post Body<\/label><div class='ginput_container ginput_container_textarea'><textarea name='input_46' id='input_2_46' class='textarea medium'      aria-invalid=\"false\"   rows='10' cols='50'><\/textarea><\/div><\/li><li id='field_2_54'  class='gfield field_sublabel_below field_description_below gfield_visibility_visible' ><label class='gfield_label' for='input_2_54' >Lokalizacja w kt\u00f3rej zosta\u0142o zrobione zdj\u0119cie<\/label><div class='ginput_container ginput_container_text'><input name='input_54' id='input_2_54' type='text' value='' class='medium'      aria-invalid=\"false\" \/><\/div><\/li><li id='field_2_40'  class='gfield gfield_contains_required field_sublabel_below field_description_below gfield_visibility_visible' ><label class='gfield_label' for='input_2_40' >Data wykonania zdj\u0119cia<span class='gfield_required'>*<\/span><\/label><div class='ginput_container ginput_container_date'>\n                            <input name='input_40' id='input_2_40' type='text' value='' class='datepicker medium mdy datepicker_with_icon'    aria-describedby='input_2_40_date_format' \/>\n                            <span id='input_2_40_date_format' class='screen-reader-text'>Datumsformat:MM Schr\u00e4gstrich TT Schr\u00e4gstrich JJJJ<\/span>\n                        <\/div>\n                        <input type='hidden' id='gforms_calendar_icon_input_2_40' class='gform_hidden' value='https:\/\/wirtualnemuzeum.skgd.pl\/wp-content\/plugins\/gravityforms\/images\/calendar.png'\/><\/li><li id='field_2_41'  class='gfield field_sublabel_below field_description_below gfield_visibility_hidden' ><label class='gfield_label gfield_label_before_complex'  >Time<\/label><div class='clear-multi'>\n                        <div class='gfield_time_hour ginput_container ginput_container_time' id='input_2_41'>\n                            <input type='text' maxlength='2' name='input_41[]' id='input_2_41_1' value='00'    \/> <i>:<\/i>\n                            <label for='input_2_41_1' >HH<\/label>\n                        <\/div>\n                        <div class='gfield_time_minute ginput_container ginput_container_time'>\n                            <input type='text' maxlength='2' name='input_41[]' id='input_2_41_2' value='00'    \/>\n                            <label for='input_2_41_2' >MM<\/label>\n                        <\/div>\n                        \n                    <\/div><\/li><li id='field_2_45'  class='gfield gfield_contains_required field_sublabel_below field_description_below gfield_visibility_visible' ><label class='gfield_label' for='input_2_45' >Zdj\u0119cie<span class='gfield_required'>*<\/span><\/label><div class='ginput_complex ginput_container ginput_container_post_image'><span class='ginput_full'><input name='input_45' id='input_2_45' type='file' class='large'  \/><\/span><\/div><\/li><li id='field_2_53'  class='gfield field_sublabel_below field_description_below gfield_visibility_visible' ><label class='gfield_label' for='input_2_53' >DFK<\/label><div class='ginput_container ginput_container_text'><input name='input_53' id='input_2_53' type='text' value='' class='medium'      aria-invalid=\"false\" \/><\/div><\/li><li id='field_2_33'  class='gfield gfield_contains_required field_sublabel_below field_description_below gfield_visibility_visible' ><label class='gfield_label' for='input_2_33' >Wybierz kategori\u0119 do kt\u00f3rej ma zosta\u0107 przypisane zdj\u0119cie<span class='gfield_required'>*<\/span><\/label><div class='ginput_container ginput_container_select'><select name='input_33' id='input_2_33' class='medium gfield_select'   aria-required=\"true\" aria-invalid=\"false\"><option value='' selected='selected'>Wybierz kategori\u0119<\/option><\/select><\/div><\/li><li id='field_2_50'  class='gfield gfield_contains_required field_sublabel_below field_description_below gfield_visibility_hidden' ><label class='gfield_label' for='input_2_50' >S\u0142owa kluczowe<span class='gfield_required'>*<\/span><\/label><div class='ginput_container ginput_container_text'><input name='input_50' id='input_2_50' type='text' value='' class='medium'  aria-describedby=\"gfield_description_2_50\"   aria-required=\"true\" aria-invalid=\"false\" \/><\/div><div class='gfield_description' id='gfield_description_2_50'>S\u0142owa kluczowe wymieniaj po przecinku np. j\u0119zyk niemiecki, grupy artystyczne, kultura itd.<\/div><\/li><li id='field_2_34'  class='gfield gfield_contains_required field_sublabel_below field_description_below gfield_visibility_visible' ><label class='gfield_label' for='input_2_34' >Email<span class='gfield_required'>*<\/span><\/label><div class='ginput_container ginput_container_email'>\n                            <input name='input_34' id='input_2_34' type='text' value='' class='medium'    aria-required=\"true\" aria-invalid=\"false\" \/>\n                        <\/div><\/li><li id='field_2_28'  class='gfield gfield_contains_required field_sublabel_below field_description_below gfield_visibility_visible' ><label class='gfield_label'  >Akceptacja regulaminu<span class='gfield_required'>*<\/span><\/label><div class='ginput_container ginput_container_checkbox'><ul class='gfield_checkbox' id='input_2_28'><li class='gchoice_2_28_1'>\n\t\t\t\t\t\t\t\t<input name='input_28.1' type='checkbox'  value='Akceptuj\u0119 &lt;a href=&quot;..\/regulamin\/&quot;&gt;regulamin &lt;\/a&gt; naszego serwisu'  id='choice_2_28_1'   \/>\n\t\t\t\t\t\t\t\t<label for='choice_2_28_1' id='label_2_28_1'>Akceptuj\u0119 <a href=\"..\/regulamin\/\">regulamin <\/a> naszego serwisu<\/label>\n\t\t\t\t\t\t\t<\/li><\/ul><\/div><\/li>\n                            <\/ul><\/div>\n        <div class='gform_footer top_label'> <input type='image' src='http:\/\/skgd.pl\/wyslij.png' id='gform_submit_button_2' class='gform_button gform_image_button' alt='Absenden'  onclick='if(window[\"gf_submitting_2\"]){return false;}  window[\"gf_submitting_2\"]=true;  ' onkeypress='if( event.keyCode == 13 ){ if(window[\"gf_submitting_2\"]){return false;} window[\"gf_submitting_2\"]=true;  jQuery(\"#gform_2\").trigger(\"submit\",[true]); }' \/> \n            <input type='hidden' class='gform_hidden' name='is_submit_2' value='1' \/>\n            <input type='hidden' class='gform_hidden' name='gform_submit' value='2' \/>\n            \n            <input type='hidden' class='gform_hidden' name='gform_unique_id' value='' \/>\n            <input type='hidden' class='gform_hidden' name='state_2' value='WyJbXSIsIjQ0OGNlYmYzZGMxYzA2ZDRkNzU4NDE3NDI1NDYzMTMzIl0=' \/>\n            <input type='hidden' class='gform_hidden' name='gform_target_page_number_2' id='gform_target_page_number_2' value='0' \/>\n            <input type='hidden' class='gform_hidden' name='gform_source_page_number_2' id='gform_source_page_number_2' value='1' \/>\n            <input type='hidden' name='gform_field_values' value='' \/>\n            \n        <\/div>\n                        <\/form>\n                        <\/div><script type='text\/javascript'> jQuery(document).bind('gform_post_render', function(event, formId, currentPage){if(formId == 2) {} } );jQuery(document).bind('gform_post_conditional_logic', function(event, formId, fields, isInit){} );<\/script><script type='text\/javascript'> jQuery(document).ready(function(){jQuery(document).trigger('gform_post_render', [2, 1]) } ); <\/script>\n\n\n<p><\/p>\n","protected":false},"excerpt":{"rendered":"","protected":false},"author":1,"featured_media":0,"parent":0,"menu_order":0,"comment_status":"closed","ping_status":"closed","template":"","meta":{"footnotes":""},"class_list":["post-1009","page","type-page","status-publish","hentry"],"_links":{"self":[{"href":"https:\/\/wirtualnemuzeum.skgd.pl\/de\/wp-json\/wp\/v2\/pages\/1009","targetHints":{"allow":["GET"]}}],"collection":[{"href":"https:\/\/wirtualnemuzeum.skgd.pl\/de\/wp-json\/wp\/v2\/pages"}],"about":[{"href":"https:\/\/wirtualnemuzeum.skgd.pl\/de\/wp-json\/wp\/v2\/types\/page"}],"author":[{"embeddable":true,"href":"https:\/\/wirtualnemuzeum.skgd.pl\/de\/wp-json\/wp\/v2\/users\/1"}],"replies":[{"embeddable":true,"href":"https:\/\/wirtualnemuzeum.skgd.pl\/de\/wp-json\/wp\/v2\/comments?post=1009"}],"version-history":[{"count":7,"href":"https:\/\/wirtualnemuzeum.skgd.pl\/de\/wp-json\/wp\/v2\/pages\/1009\/revisions"}],"predecessor-version":[{"id":1392,"href":"https:\/\/wirtualnemuzeum.skgd.pl\/de\/wp-json\/wp\/v2\/pages\/1009\/revisions\/1392"}],"wp:attachment":[{"href":"https:\/\/wirtualnemuzeum.skgd.pl\/de\/wp-json\/wp\/v2\/media?parent=1009"}],"curies":[{"name":"wp","href":"https:\/\/api.w.org\/{rel}","templated":true}]}}